{"id":4491,"date":"2009-09-08T16:33:06","date_gmt":"2009-09-08T16:33:06","guid":{"rendered":"https:\/\/uusi.zenex.fi\/index.php\/about\/"},"modified":"2025-01-23T08:18:56","modified_gmt":"2025-01-23T06:18:56","slug":"about","status":"publish","type":"page","link":"https:\/\/zenex.fi\/index.php\/about\/","title":{"rendered":"About"},"content":{"rendered":"\t\t<div data-elementor-type=\"wp-page\" data-elementor-id=\"4491\" class=\"elementor elementor-4491\">\n\t\t\t\t\t\t<section class=\"elementor-section elementor-top-section elementor-element elementor-element-1de35ecf elementor-section-boxed elementor-section-height-default elementor-section-height-default\" data-id=\"1de35ecf\" data-element_type=\"section\">\n\t\t\t\t\t\t<div class=\"elementor-container elementor-column-gap-no\">\n\t\t\t\t\t<div class=\"elementor-column elementor-col-100 elementor-top-column elementor-element elementor-element-42647a8d\" data-id=\"42647a8d\" data-element_type=\"column\">\n\t\t\t<div class=\"elementor-widget-wrap elementor-element-populated\">\n\t\t\t\t\t\t<div class=\"elementor-element elementor-element-a0a46a9 elementor-widget elementor-widget-image\" data-id=\"a0a46a9\" data-element_type=\"widget\" data-widget_type=\"image.default\">\n\t\t\t\t<div class=\"elementor-widget-container\">\n\t\t\t\t\t\t\t\t\t\t\t\t\t\t\t<img fetchpriority=\"high\" decoding=\"async\" width=\"460\" height=\"221\" src=\"https:\/\/zenex.fi\/wp-content\/uploads\/2025\/01\/zenex_kuva.jpg\" class=\"attachment-2048x2048 size-2048x2048 wp-image-6283\" alt=\"\" srcset=\"https:\/\/zenex.fi\/wp-content\/uploads\/2025\/01\/zenex_kuva.jpg 460w, https:\/\/zenex.fi\/wp-content\/uploads\/2025\/01\/zenex_kuva-300x144.jpg 300w\" sizes=\"(max-width: 460px) 100vw, 460px\" \/>\t\t\t\t\t\t\t\t\t\t\t\t\t\t\t<\/div>\n\t\t\t\t<\/div>\n\t\t\t\t<div class=\"elementor-element elementor-element-acf0b45 elementor-widget elementor-widget-spacer\" data-id=\"acf0b45\" data-element_type=\"widget\" data-widget_type=\"spacer.default\">\n\t\t\t\t<div class=\"elementor-widget-container\">\n\t\t\t\t\t\t\t<div class=\"elementor-spacer\">\n\t\t\t<div class=\"elementor-spacer-inner\"><\/div>\n\t\t<\/div>\n\t\t\t\t\t\t<\/div>\n\t\t\t\t<\/div>\n\t\t\t\t<div class=\"elementor-element elementor-element-6d822f32 elementor-widget elementor-widget-heading\" data-id=\"6d822f32\" data-element_type=\"widget\" data-widget_type=\"heading.default\">\n\t\t\t\t<div class=\"elementor-widget-container\">\n\t\t\t\t\t<h2 class=\"elementor-heading-title elementor-size-default\">Tietoa meist\u00e4<\/h2>\t\t\t\t<\/div>\n\t\t\t\t<\/div>\n\t\t\t\t<section class=\"elementor-section elementor-inner-section elementor-element elementor-element-4d7c54cc elementor-section-full_width elementor-section-height-default elementor-section-height-default\" data-id=\"4d7c54cc\" data-element_type=\"section\">\n\t\t\t\t\t\t<div class=\"elementor-container elementor-column-gap-no\">\n\t\t\t\t\t<div class=\"elementor-column elementor-col-100 elementor-inner-column elementor-element elementor-element-4894fba7\" data-id=\"4894fba7\" data-element_type=\"column\">\n\t\t\t<div class=\"elementor-widget-wrap elementor-element-populated\">\n\t\t\t\t\t\t<div class=\"elementor-element elementor-element-5a57c140 elementor-widget elementor-widget-text-editor\" data-id=\"5a57c140\" data-element_type=\"widget\" data-widget_type=\"text-editor.default\">\n\t\t\t\t<div class=\"elementor-widget-container\">\n\t\t\t\t\t\t\t\t\t<p>Zenex on edustanut vuodesta 1986 l\u00e4htien teknisi\u00e4 ohjelmistoja. Hoidamme ohjelmistojen maahantuonnin, markkinoinnin sek\u00e4 kouluttamisen. Lis\u00e4ksi k\u00e4\u00e4nn\u00e4mme suomen kielelle sek\u00e4 k\u00e4ytt\u00f6liittymi\u00e4 ett\u00e4 ohjekirjoja. T\u00e4ll\u00e4 hetkell\u00e4 toimintamme ulottuu Suomen ja Viron alueelle. Tarjoamme ohjelmistoja muun muassa ty\u00f6st\u00f6koneiden ohjaukseen, tekniseen laskentaan ja geometrian muokkaukseen.<\/p>\t\t\t\t\t\t\t\t<\/div>\n\t\t\t\t<\/div>\n\t\t\t\t<div class=\"elementor-element elementor-element-384ac210 elementor-align-center elementor-widget elementor-widget-button\" data-id=\"384ac210\" data-element_type=\"widget\" data-widget_type=\"button.default\">\n\t\t\t\t<div class=\"elementor-widget-container\">\n\t\t\t\t\t\t\t\t\t<div class=\"elementor-button-wrapper\">\n\t\t\t\t\t<a class=\"elementor-button elementor-button-link elementor-size-md\" href=\"https:\/\/zenex.fi\/#yhteys\">\n\t\t\t\t\t\t<span class=\"elementor-button-content-wrapper\">\n\t\t\t\t\t\t\t\t\t<span class=\"elementor-button-text\">Ota yhteytt\u00e4!<\/span>\n\t\t\t\t\t<\/span>\n\t\t\t\t\t<\/a>\n\t\t\t\t<\/div>\n\t\t\t\t\t\t\t\t<\/div>\n\t\t\t\t<\/div>\n\t\t\t\t\t<\/div>\n\t\t<\/div>\n\t\t\t\t\t<\/div>\n\t\t<\/section>\n\t\t\t\t\t<\/div>\n\t\t<\/div>\n\t\t\t\t\t<\/div>\n\t\t<\/section>\n\t\t\t\t<\/div>\n\t\t","protected":false},"excerpt":{"rendered":"<p>Tietoa meist\u00e4 Zenex on edustanut vuodesta 1986 l\u00e4htien teknisi\u00e4 ohjelmistoja. Hoidamme ohjelmistojen maahantuonnin, markkinoinnin sek\u00e4 kouluttamisen. Lis\u00e4ksi k\u00e4\u00e4nn\u00e4mme suomen kielelle sek\u00e4 k\u00e4ytt\u00f6liittymi\u00e4 ett\u00e4 ohjekirjoja. T\u00e4ll\u00e4 hetkell\u00e4 toimintamme ulottuu Suomen ja Viron alueelle. Tarjoamme ohjelmistoja muun muassa ty\u00f6st\u00f6koneiden ohjaukseen, tekniseen laskentaan ja geometrian muokkaukseen. Ota yhteytt\u00e4!<\/p>\n","protected":false},"author":1,"featured_media":0,"parent":0,"menu_order":0,"comment_status":"closed","ping_status":"closed","template":"page-templates\/full-width-no-title.php","meta":{"inspiro_page_layout":"narrow","inspiro_hide_title":false,"footnotes":""},"class_list":["post-4491","page","type-page","status-publish","hentry"],"_links":{"self":[{"href":"https:\/\/zenex.fi\/index.php\/wp-json\/wp\/v2\/pages\/4491","targetHints":{"allow":["GET"]}}],"collection":[{"href":"https:\/\/zenex.fi\/index.php\/wp-json\/wp\/v2\/pages"}],"about":[{"href":"https:\/\/zenex.fi\/index.php\/wp-json\/wp\/v2\/types\/page"}],"author":[{"embeddable":true,"href":"https:\/\/zenex.fi\/index.php\/wp-json\/wp\/v2\/users\/1"}],"replies":[{"embeddable":true,"href":"https:\/\/zenex.fi\/index.php\/wp-json\/wp\/v2\/comments?post=4491"}],"version-history":[{"count":9,"href":"https:\/\/zenex.fi\/index.php\/wp-json\/wp\/v2\/pages\/4491\/revisions"}],"predecessor-version":[{"id":6289,"href":"https:\/\/zenex.fi\/index.php\/wp-json\/wp\/v2\/pages\/4491\/revisions\/6289"}],"wp:attachment":[{"href":"https:\/\/zenex.fi\/index.php\/wp-json\/wp\/v2\/media?parent=4491"}],"curies":[{"name":"wp","href":"https:\/\/api.w.org\/{rel}","templated":true}]}}