{"id":628,"date":"2009-05-06T11:43:24","date_gmt":"2009-05-06T16:43:24","guid":{"rendered":"https:\/\/uusi.zenex.fi\/index.php\/contact\/"},"modified":"2024-11-15T16:56:28","modified_gmt":"2024-11-15T14:56:28","slug":"equator-yhteydenotto","status":"publish","type":"page","link":"https:\/\/zenex.fi\/index.php\/equator-yhteydenotto\/","title":{"rendered":"Ota Yhteytt\u00e4 | Renishaw Equator"},"content":{"rendered":"\t\t<div data-elementor-type=\"wp-page\" data-elementor-id=\"628\" class=\"elementor elementor-628\">\n\t\t\t\t\t\t<section class=\"elementor-section elementor-top-section elementor-element elementor-element-186b7b76 elementor-section-boxed elementor-section-height-default elementor-section-height-default\" data-id=\"186b7b76\" data-element_type=\"section\">\n\t\t\t\t\t\t<div class=\"elementor-container elementor-column-gap-default\">\n\t\t\t\t\t\t<\/div>\n\t\t<\/section>\n\t\t<div class=\"elementor-element elementor-element-5e3e116 e-flex e-con-boxed e-con e-parent\" data-id=\"5e3e116\" data-element_type=\"container\">\n\t\t\t\t\t<div class=\"e-con-inner\">\n\t\t\t\t<div class=\"elementor-element elementor-element-17085d4 elementor-widget elementor-widget-heading\" data-id=\"17085d4\" data-element_type=\"widget\" data-widget_type=\"heading.default\">\n\t\t\t\t<div class=\"elementor-widget-container\">\n\t\t\t\t\t<h2 class=\"elementor-heading-title elementor-size-default\">Ota Yhteytt\u00e4 | Renishaw Equator<\/h2>\t\t\t\t<\/div>\n\t\t\t\t<\/div>\n\t\t\t\t\t<\/div>\n\t\t\t\t<\/div>\n\t\t\t\t<section class=\"elementor-section elementor-top-section elementor-element elementor-element-4c5ef84d elementor-section-boxed elementor-section-height-default elementor-section-height-default\" data-id=\"4c5ef84d\" data-element_type=\"section\">\n\t\t\t\t\t\t<div class=\"elementor-container elementor-column-gap-wider\">\n\t\t\t\t\t<div class=\"elementor-column elementor-col-50 elementor-top-column elementor-element elementor-element-3fe0b63\" data-id=\"3fe0b63\" data-element_type=\"column\">\n\t\t\t<div class=\"elementor-widget-wrap elementor-element-populated\">\n\t\t\t\t\t\t<div class=\"elementor-element elementor-element-13906b5 elementor-widget elementor-widget-image\" data-id=\"13906b5\" data-element_type=\"widget\" data-widget_type=\"image.default\">\n\t\t\t\t<div class=\"elementor-widget-container\">\n\t\t\t\t\t\t\t\t\t\t\t\t\t\t\t<img fetchpriority=\"high\" decoding=\"async\" width=\"633\" height=\"633\" src=\"https:\/\/zenex.fi\/wp-content\/uploads\/2024\/11\/equator.png\" class=\"attachment-large size-large wp-image-6195\" alt=\"\" srcset=\"https:\/\/zenex.fi\/wp-content\/uploads\/2024\/11\/equator.png 633w, https:\/\/zenex.fi\/wp-content\/uploads\/2024\/11\/equator-300x300.png 300w, https:\/\/zenex.fi\/wp-content\/uploads\/2024\/11\/equator-150x150.png 150w, https:\/\/zenex.fi\/wp-content\/uploads\/2024\/11\/equator-280x280.png 280w, https:\/\/zenex.fi\/wp-content\/uploads\/2024\/11\/equator-560x560.png 560w, https:\/\/zenex.fi\/wp-content\/uploads\/2024\/11\/equator-600x600.png 600w, https:\/\/zenex.fi\/wp-content\/uploads\/2024\/11\/equator-200x200.png 200w\" sizes=\"(max-width: 633px) 100vw, 633px\" \/>\t\t\t\t\t\t\t\t\t\t\t\t\t\t\t<\/div>\n\t\t\t\t<\/div>\n\t\t\t\t\t<\/div>\n\t\t<\/div>\n\t\t\t\t<div class=\"elementor-column elementor-col-50 elementor-top-column elementor-element elementor-element-34fa821\" data-id=\"34fa821\" data-element_type=\"column\">\n\t\t\t<div class=\"elementor-widget-wrap elementor-element-populated\">\n\t\t\t\t\t\t<div class=\"elementor-element elementor-element-15e5daad elementor-widget elementor-widget-text-editor\" data-id=\"15e5daad\" data-element_type=\"widget\" data-widget_type=\"text-editor.default\">\n\t\t\t\t<div class=\"elementor-widget-container\">\n\t\t\t\t\t\t\t\t\t<p>Jos haluat enemm\u00e4n tietoa miten <strong>Renishaw Equator<\/strong> voi tehostaa laaduntarkistusta ja soveltuu juuri omaan tuotantoon, t\u00e4yt\u00e4 alla olevat kent\u00e4t ja paina &#8221;L\u00e4het\u00e4&#8221;. Otamme sinuun yhteytt\u00e4 mahdollisimman pian!<\/p>\t\t\t\t\t\t\t\t<\/div>\n\t\t\t\t<\/div>\n\t\t\t\t\t<\/div>\n\t\t<\/div>\n\t\t\t\t\t<\/div>\n\t\t<\/section>\n\t\t\t\t<section class=\"elementor-section elementor-top-section elementor-element elementor-element-2cd3a40d elementor-section-boxed elementor-section-height-default elementor-section-height-default\" data-id=\"2cd3a40d\" data-element_type=\"section\">\n\t\t\t\t\t\t<div class=\"elementor-container elementor-column-gap-default\">\n\t\t\t\t\t\t<\/div>\n\t\t<\/section>\n\t\t\t\t<\/div>\n\t\t","protected":false},"excerpt":{"rendered":"<p>Ota Yhteytt\u00e4 | Renishaw Equator Jos haluat enemm\u00e4n tietoa miten Renishaw Equator voi tehostaa laaduntarkistusta ja soveltuu juuri omaan tuotantoon, t\u00e4yt\u00e4 alla olevat kent\u00e4t ja paina &#8221;L\u00e4het\u00e4&#8221;. Otamme sinuun yhteytt\u00e4 mahdollisimman pian!<\/p>\n","protected":false},"author":1,"featured_media":6210,"parent":0,"menu_order":0,"comment_status":"closed","ping_status":"closed","template":"","meta":{"inspiro_page_layout":"narrow","inspiro_hide_title":false,"footnotes":""},"class_list":["post-628","page","type-page","status-publish","has-post-thumbnail","hentry"],"_links":{"self":[{"href":"https:\/\/zenex.fi\/index.php\/wp-json\/wp\/v2\/pages\/628","targetHints":{"allow":["GET"]}}],"collection":[{"href":"https:\/\/zenex.fi\/index.php\/wp-json\/wp\/v2\/pages"}],"about":[{"href":"https:\/\/zenex.fi\/index.php\/wp-json\/wp\/v2\/types\/page"}],"author":[{"embeddable":true,"href":"https:\/\/zenex.fi\/index.php\/wp-json\/wp\/v2\/users\/1"}],"replies":[{"embeddable":true,"href":"https:\/\/zenex.fi\/index.php\/wp-json\/wp\/v2\/comments?post=628"}],"version-history":[{"count":77,"href":"https:\/\/zenex.fi\/index.php\/wp-json\/wp\/v2\/pages\/628\/revisions"}],"predecessor-version":[{"id":6221,"href":"https:\/\/zenex.fi\/index.php\/wp-json\/wp\/v2\/pages\/628\/revisions\/6221"}],"wp:featuredmedia":[{"embeddable":true,"href":"https:\/\/zenex.fi\/index.php\/wp-json\/wp\/v2\/media\/6210"}],"wp:attachment":[{"href":"https:\/\/zenex.fi\/index.php\/wp-json\/wp\/v2\/media?parent=628"}],"curies":[{"name":"wp","href":"https:\/\/api.w.org\/{rel}","templated":true}]}}