{"id":1102,"date":"2019-02-25T16:27:30","date_gmt":"2019-02-25T14:27:30","guid":{"rendered":"http:\/\/zenex.fi\/uusi_tuki\/?page_id=1102"},"modified":"2019-12-27T14:00:09","modified_gmt":"2019-12-27T12:00:09","slug":"robotmaster-asennustiedostot","status":"publish","type":"page","link":"https:\/\/zenex.fi\/tuki\/index.php\/robotmaster-asennustiedostot\/","title":{"rendered":"Robotmaster asennustiedostot"},"content":{"rendered":"\t\t<div data-elementor-type=\"wp-post\" data-elementor-id=\"1102\" class=\"elementor elementor-1102\">\n\t\t\t\t\t\t<section class=\"elementor-section elementor-top-section elementor-element elementor-element-5ba1399 elementor-section-boxed elementor-section-height-default elementor-section-height-default\" data-id=\"5ba1399\" data-element_type=\"section\" data-settings=\"{&quot;background_background&quot;:&quot;classic&quot;}\">\n\t\t\t\t\t\t<div class=\"elementor-container elementor-column-gap-default\">\n\t\t\t\t\t<div class=\"elementor-column elementor-col-100 elementor-top-column elementor-element elementor-element-9736130\" data-id=\"9736130\" data-element_type=\"column\">\n\t\t\t<div class=\"elementor-widget-wrap elementor-element-populated\">\n\t\t\t\t\t\t<div class=\"elementor-element elementor-element-62b928d elementor-widget elementor-widget-image\" data-id=\"62b928d\" data-element_type=\"widget\" data-widget_type=\"image.default\">\n\t\t\t\t<div class=\"elementor-widget-container\">\n\t\t\t\t\t\t\t\t\t\t\t\t\t<img fetchpriority=\"high\" decoding=\"async\" width=\"300\" height=\"213\" src=\"https:\/\/zenex.fi\/tuki\/wp-content\/uploads\/2019\/02\/zenex_tekninen_musta-300x213.png\" class=\"attachment-medium size-medium wp-image-994\" alt=\"\" srcset=\"https:\/\/zenex.fi\/tuki\/wp-content\/uploads\/2019\/02\/zenex_tekninen_musta-300x213.png 300w, https:\/\/zenex.fi\/tuki\/wp-content\/uploads\/2019\/02\/zenex_tekninen_musta-768x545.png 768w, https:\/\/zenex.fi\/tuki\/wp-content\/uploads\/2019\/02\/zenex_tekninen_musta-1024x726.png 1024w, https:\/\/zenex.fi\/tuki\/wp-content\/uploads\/2019\/02\/zenex_tekninen_musta.png 1200w\" sizes=\"(max-width: 300px) 100vw, 300px\" \/>\t\t\t\t\t\t\t\t\t\t\t\t\t<\/div>\n\t\t\t\t<\/div>\n\t\t\t\t\t<\/div>\n\t\t<\/div>\n\t\t\t\t\t<\/div>\n\t\t<\/section>\n\t\t\t\t<section class=\"elementor-section elementor-top-section elementor-element elementor-element-92831c8 elementor-section-boxed elementor-section-height-default elementor-section-height-default\" data-id=\"92831c8\" data-element_type=\"section\">\n\t\t\t\t\t\t<div class=\"elementor-container elementor-column-gap-default\">\n\t\t\t\t\t<div class=\"elementor-column elementor-col-100 elementor-top-column elementor-element elementor-element-eec56d9\" data-id=\"eec56d9\" data-element_type=\"column\">\n\t\t\t<div class=\"elementor-widget-wrap elementor-element-populated\">\n\t\t\t\t\t\t<div class=\"elementor-element elementor-element-341d27f elementor-widget-divider--view-line elementor-widget elementor-widget-divider\" data-id=\"341d27f\" data-element_type=\"widget\" data-widget_type=\"divider.default\">\n\t\t\t\t<div class=\"elementor-widget-container\">\n\t\t\t\t\t<div class=\"elementor-divider\">\n\t\t\t<span class=\"elementor-divider-separator\">\n\t\t\t\t\t\t<\/span>\n\t\t<\/div>\n\t\t\t\t<\/div>\n\t\t\t\t<\/div>\n\t\t\t\t\t<\/div>\n\t\t<\/div>\n\t\t\t\t\t<\/div>\n\t\t<\/section>\n\t\t\t\t<section class=\"elementor-section elementor-top-section elementor-element elementor-element-1d9a73e elementor-section-boxed elementor-section-height-default elementor-section-height-default\" data-id=\"1d9a73e\" data-element_type=\"section\">\n\t\t\t\t\t\t<div class=\"elementor-container elementor-column-gap-default\">\n\t\t\t\t\t<div class=\"elementor-column elementor-col-100 elementor-top-column elementor-element elementor-element-b742d1c\" data-id=\"b742d1c\" data-element_type=\"column\">\n\t\t\t<div class=\"elementor-widget-wrap elementor-element-populated\">\n\t\t\t\t\t\t<div class=\"elementor-element elementor-element-6a35aa5 elementor-widget elementor-widget-image\" data-id=\"6a35aa5\" data-element_type=\"widget\" data-widget_type=\"image.default\">\n\t\t\t\t<div class=\"elementor-widget-container\">\n\t\t\t\t\t\t\t\t\t\t\t\t\t<img decoding=\"async\" width=\"300\" height=\"63\" src=\"https:\/\/zenex.fi\/tuki\/wp-content\/uploads\/2019\/01\/RobotMasterLogo-300x63.png\" class=\"attachment-medium size-medium wp-image-719\" alt=\"\" srcset=\"https:\/\/zenex.fi\/tuki\/wp-content\/uploads\/2019\/01\/RobotMasterLogo-300x63.png 300w, https:\/\/zenex.fi\/tuki\/wp-content\/uploads\/2019\/01\/RobotMasterLogo-768x162.png 768w, https:\/\/zenex.fi\/tuki\/wp-content\/uploads\/2019\/01\/RobotMasterLogo.png 964w\" sizes=\"(max-width: 300px) 100vw, 300px\" \/>\t\t\t\t\t\t\t\t\t\t\t\t\t<\/div>\n\t\t\t\t<\/div>\n\t\t\t\t<div class=\"elementor-element elementor-element-fc77764 elementor-widget elementor-widget-heading\" data-id=\"fc77764\" data-element_type=\"widget\" data-widget_type=\"heading.default\">\n\t\t\t\t<div class=\"elementor-widget-container\">\n\t\t\t<h2 class=\"elementor-heading-title elementor-size-default\">Asennustiedostot<\/h2>\t\t<\/div>\n\t\t\t\t<\/div>\n\t\t\t\t\t<\/div>\n\t\t<\/div>\n\t\t\t\t\t<\/div>\n\t\t<\/section>\n\t\t\t\t<section class=\"elementor-section elementor-top-section elementor-element elementor-element-81894db elementor-section-boxed elementor-section-height-default elementor-section-height-default\" data-id=\"81894db\" data-element_type=\"section\">\n\t\t\t\t\t\t<div class=\"elementor-container elementor-column-gap-default\">\n\t\t\t\t\t<div class=\"elementor-column elementor-col-100 elementor-top-column elementor-element elementor-element-01a7b62\" data-id=\"01a7b62\" data-element_type=\"column\">\n\t\t\t<div class=\"elementor-widget-wrap elementor-element-populated\">\n\t\t\t\t\t\t<div class=\"elementor-element elementor-element-6a6ad1f elementor-widget-divider--view-line elementor-widget elementor-widget-divider\" data-id=\"6a6ad1f\" data-element_type=\"widget\" data-widget_type=\"divider.default\">\n\t\t\t\t<div class=\"elementor-widget-container\">\n\t\t\t\t\t<div class=\"elementor-divider\">\n\t\t\t<span class=\"elementor-divider-separator\">\n\t\t\t\t\t\t<\/span>\n\t\t<\/div>\n\t\t\t\t<\/div>\n\t\t\t\t<\/div>\n\t\t\t\t\t<\/div>\n\t\t<\/div>\n\t\t\t\t\t<\/div>\n\t\t<\/section>\n\t\t\t\t<section class=\"elementor-section elementor-top-section elementor-element elementor-element-54ea313 elementor-section-boxed elementor-section-height-default elementor-section-height-default\" data-id=\"54ea313\" data-element_type=\"section\">\n\t\t\t\t\t\t<div class=\"elementor-container elementor-column-gap-default\">\n\t\t\t\t\t<div class=\"elementor-column elementor-col-50 elementor-top-column elementor-element elementor-element-640c327\" data-id=\"640c327\" data-element_type=\"column\">\n\t\t\t<div class=\"elementor-widget-wrap elementor-element-populated\">\n\t\t\t\t\t\t<div class=\"elementor-element elementor-element-80d6ddd elementor-position-top elementor-widget elementor-widget-image-box\" data-id=\"80d6ddd\" data-element_type=\"widget\" data-widget_type=\"image-box.default\">\n\t\t\t\t<div class=\"elementor-widget-container\">\n\t\t\t<div class=\"elementor-image-box-wrapper\"><figure class=\"elementor-image-box-img\"><a href=\"http:\/\/zenex.fi\/tuki\/files\/robotmaster\/Robotmaster-V7.0.169.229.exe\" tabindex=\"-1\"><img decoding=\"async\" width=\"880\" height=\"881\" src=\"https:\/\/zenex.fi\/tuki\/wp-content\/uploads\/2019\/02\/robotmasterv7logo.jpg\" class=\"attachment-full size-full wp-image-1107\" alt=\"\" srcset=\"https:\/\/zenex.fi\/tuki\/wp-content\/uploads\/2019\/02\/robotmasterv7logo.jpg 880w, https:\/\/zenex.fi\/tuki\/wp-content\/uploads\/2019\/02\/robotmasterv7logo-150x150.jpg 150w, https:\/\/zenex.fi\/tuki\/wp-content\/uploads\/2019\/02\/robotmasterv7logo-300x300.jpg 300w, https:\/\/zenex.fi\/tuki\/wp-content\/uploads\/2019\/02\/robotmasterv7logo-768x769.jpg 768w\" sizes=\"(max-width: 880px) 100vw, 880px\" \/><\/a><\/figure><div class=\"elementor-image-box-content\"><h3 class=\"elementor-image-box-title\"><a href=\"http:\/\/zenex.fi\/tuki\/files\/robotmaster\/Robotmaster-V7.0.169.229.exe\">Robotmaster V7<\/a><\/h3><p class=\"elementor-image-box-description\">Lataa t\u00e4st\u00e4 Robotmaster V7, joka on uusin versio ohjelmasta. V7 on itsen\u00e4inen ohjelmisto, joka ei vaadi Mastercamia toimiakseen. <\/p><\/div><\/div>\t\t<\/div>\n\t\t\t\t<\/div>\n\t\t\t\t<div class=\"elementor-element elementor-element-2f940eb elementor-align-left elementor-icon-list--layout-traditional elementor-list-item-link-full_width elementor-widget elementor-widget-icon-list\" data-id=\"2f940eb\" data-element_type=\"widget\" data-widget_type=\"icon-list.default\">\n\t\t\t\t<div class=\"elementor-widget-container\">\n\t\t\t\t\t<ul class=\"elementor-icon-list-items\">\n\t\t\t\t\t\t\t<li class=\"elementor-icon-list-item\">\n\t\t\t\t\t\t\t\t\t\t\t<a href=\"http:\/\/zenex.fi\/tuki\/files\/robotmaster\/Robotmaster-V7.0.169.229.exe\">\n\n\t\t\t\t\t\t\t\t\t\t\t\t<span class=\"elementor-icon-list-icon\">\n\t\t\t\t\t\t\t\t\t\t\t\t\t\t\t\t<i class=\"fa fa-download\" aria-hidden=\"true\"><\/i>\n\t\t\t\t\t\t\t\t\t\t\t\t\t<\/span>\n\t\t\t\t\t\t\t\t\t\t<span class=\"elementor-icon-list-text\">Asennustiedosto<\/span>\n\t\t\t\t\t\t\t\t\t\t\t<\/a>\n\t\t\t\t\t\t\t\t\t<\/li>\n\t\t\t\t\t\t<\/ul>\n\t\t\t\t<\/div>\n\t\t\t\t<\/div>\n\t\t\t\t\t<\/div>\n\t\t<\/div>\n\t\t\t\t<div class=\"elementor-column elementor-col-50 elementor-top-column elementor-element elementor-element-a8eae0a\" data-id=\"a8eae0a\" data-element_type=\"column\">\n\t\t\t<div class=\"elementor-widget-wrap elementor-element-populated\">\n\t\t\t\t\t\t<div class=\"elementor-element elementor-element-2273abf elementor-position-top elementor-widget elementor-widget-image-box\" data-id=\"2273abf\" data-element_type=\"widget\" data-widget_type=\"image-box.default\">\n\t\t\t\t<div class=\"elementor-widget-container\">\n\t\t\t<div class=\"elementor-image-box-wrapper\"><figure class=\"elementor-image-box-img\"><a href=\"http:\/\/zenex.fi\/tuki\/files\/robotmaster\/Robotmaster-V6.8.125.17.exe\" tabindex=\"-1\"><img loading=\"lazy\" decoding=\"async\" width=\"225\" height=\"225\" src=\"https:\/\/zenex.fi\/tuki\/wp-content\/uploads\/2019\/01\/robotmaster.jpg\" class=\"attachment-full size-full wp-image-853\" alt=\"\" srcset=\"https:\/\/zenex.fi\/tuki\/wp-content\/uploads\/2019\/01\/robotmaster.jpg 225w, https:\/\/zenex.fi\/tuki\/wp-content\/uploads\/2019\/01\/robotmaster-150x150.jpg 150w\" sizes=\"(max-width: 225px) 100vw, 225px\" \/><\/a><\/figure><div class=\"elementor-image-box-content\"><h3 class=\"elementor-image-box-title\"><a href=\"http:\/\/zenex.fi\/tuki\/files\/robotmaster\/Robotmaster-V6.8.125.17.exe\">Robotmaster 6.8<\/a><\/h3><p class=\"elementor-image-box-description\">Lataa t\u00e4st\u00e4 Robotmaster 6.8, joka on Mastercam ohjelmistoon integroitu versio. Luo radat Mastercamissa ja luo robottiradat Robormasterissa.<\/p><\/div><\/div>\t\t<\/div>\n\t\t\t\t<\/div>\n\t\t\t\t<div class=\"elementor-element elementor-element-8c7a0e8 elementor-align-left elementor-icon-list--layout-traditional elementor-list-item-link-full_width elementor-widget elementor-widget-icon-list\" data-id=\"8c7a0e8\" data-element_type=\"widget\" data-widget_type=\"icon-list.default\">\n\t\t\t\t<div class=\"elementor-widget-container\">\n\t\t\t\t\t<ul class=\"elementor-icon-list-items\">\n\t\t\t\t\t\t\t<li class=\"elementor-icon-list-item\">\n\t\t\t\t\t\t\t\t\t\t\t<a href=\"http:\/\/zenex.fi\/tuki\/files\/robotmaster\/Robotmaster-V6.8.125.17.exe\">\n\n\t\t\t\t\t\t\t\t\t\t\t\t<span class=\"elementor-icon-list-icon\">\n\t\t\t\t\t\t\t\t\t\t\t\t\t\t\t\t<i class=\"fa fa-download\" aria-hidden=\"true\"><\/i>\n\t\t\t\t\t\t\t\t\t\t\t\t\t<\/span>\n\t\t\t\t\t\t\t\t\t\t<span class=\"elementor-icon-list-text\">Asennustiedosto<\/span>\n\t\t\t\t\t\t\t\t\t\t\t<\/a>\n\t\t\t\t\t\t\t\t\t<\/li>\n\t\t\t\t\t\t<\/ul>\n\t\t\t\t<\/div>\n\t\t\t\t<\/div>\n\t\t\t\t\t<\/div>\n\t\t<\/div>\n\t\t\t\t\t<\/div>\n\t\t<\/section>\n\t\t\t\t<section class=\"elementor-section elementor-top-section elementor-element elementor-element-3d80995 elementor-section-boxed elementor-section-height-default elementor-section-height-default\" data-id=\"3d80995\" data-element_type=\"section\">\n\t\t\t\t\t\t<div class=\"elementor-container elementor-column-gap-default\">\n\t\t\t\t\t<div class=\"elementor-column elementor-col-100 elementor-top-column elementor-element elementor-element-f8e191a\" data-id=\"f8e191a\" data-element_type=\"column\">\n\t\t\t<div class=\"elementor-widget-wrap elementor-element-populated\">\n\t\t\t\t\t\t<div class=\"elementor-element elementor-element-a77bea4 elementor-widget-divider--view-line elementor-widget elementor-widget-divider\" data-id=\"a77bea4\" data-element_type=\"widget\" data-widget_type=\"divider.default\">\n\t\t\t\t<div class=\"elementor-widget-container\">\n\t\t\t\t\t<div class=\"elementor-divider\">\n\t\t\t<span class=\"elementor-divider-separator\">\n\t\t\t\t\t\t<\/span>\n\t\t<\/div>\n\t\t\t\t<\/div>\n\t\t\t\t<\/div>\n\t\t\t\t\t<\/div>\n\t\t<\/div>\n\t\t\t\t\t<\/div>\n\t\t<\/section>\n\t\t\t\t<section class=\"elementor-section elementor-top-section elementor-element elementor-element-67ae597 elementor-section-boxed elementor-section-height-default elementor-section-height-default\" data-id=\"67ae597\" data-element_type=\"section\">\n\t\t\t\t\t\t<div class=\"elementor-container elementor-column-gap-default\">\n\t\t\t\t\t<div class=\"elementor-column elementor-col-100 elementor-top-column elementor-element elementor-element-d582e70\" data-id=\"d582e70\" data-element_type=\"column\">\n\t\t\t<div class=\"elementor-widget-wrap elementor-element-populated\">\n\t\t\t\t\t\t<div class=\"elementor-element elementor-element-170371d elementor-widget-divider--view-line elementor-widget elementor-widget-divider\" data-id=\"170371d\" data-element_type=\"widget\" data-widget_type=\"divider.default\">\n\t\t\t\t<div class=\"elementor-widget-container\">\n\t\t\t\t\t<div class=\"elementor-divider\">\n\t\t\t<span class=\"elementor-divider-separator\">\n\t\t\t\t\t\t<\/span>\n\t\t<\/div>\n\t\t\t\t<\/div>\n\t\t\t\t<\/div>\n\t\t\t\t\t<\/div>\n\t\t<\/div>\n\t\t\t\t\t<\/div>\n\t\t<\/section>\n\t\t\t\t<section class=\"elementor-section elementor-top-section elementor-element elementor-element-3342bd5 elementor-section-boxed elementor-section-height-default elementor-section-height-default\" data-id=\"3342bd5\" data-element_type=\"section\">\n\t\t\t\t\t\t<div class=\"elementor-container elementor-column-gap-default\">\n\t\t\t\t\t<div class=\"elementor-column elementor-col-50 elementor-top-column elementor-element elementor-element-0df51d4\" data-id=\"0df51d4\" data-element_type=\"column\">\n\t\t\t<div class=\"elementor-widget-wrap\">\n\t\t\t\t\t\t\t<\/div>\n\t\t<\/div>\n\t\t\t\t<div class=\"elementor-column elementor-col-50 elementor-top-column elementor-element elementor-element-91c0559\" data-id=\"91c0559\" data-element_type=\"column\">\n\t\t\t<div class=\"elementor-widget-wrap\">\n\t\t\t\t\t\t\t<\/div>\n\t\t<\/div>\n\t\t\t\t\t<\/div>\n\t\t<\/section>\n\t\t\t\t<\/div>\n\t\t","protected":false},"excerpt":{"rendered":"<p>Asennustiedostot Robotmaster V7 Lataa t\u00e4st\u00e4 Robotmaster V7, joka on uusin versio ohjelmasta. V7 on itsen\u00e4inen ohjelmisto, joka ei vaadi Mastercamia toimiakseen. Asennustiedosto Robotmaster 6.8 Lataa t\u00e4st\u00e4 Robotmaster 6.8, joka on Mastercam ohjelmistoon integroitu versio. Luo radat Mastercamissa ja luo robottiradat Robormasterissa. Asennustiedosto<\/p>\n","protected":false},"author":1,"featured_media":0,"parent":0,"menu_order":0,"comment_status":"closed","ping_status":"closed","template":"page-templates\/template-pagebuilder-full-width.php","meta":{"footnotes":""},"class_list":["post-1102","page","type-page","status-publish","hentry"],"_links":{"self":[{"href":"https:\/\/zenex.fi\/tuki\/index.php\/wp-json\/wp\/v2\/pages\/1102","targetHints":{"allow":["GET"]}}],"collection":[{"href":"https:\/\/zenex.fi\/tuki\/index.php\/wp-json\/wp\/v2\/pages"}],"about":[{"href":"https:\/\/zenex.fi\/tuki\/index.php\/wp-json\/wp\/v2\/types\/page"}],"author":[{"embeddable":true,"href":"https:\/\/zenex.fi\/tuki\/index.php\/wp-json\/wp\/v2\/users\/1"}],"replies":[{"embeddable":true,"href":"https:\/\/zenex.fi\/tuki\/index.php\/wp-json\/wp\/v2\/comments?post=1102"}],"version-history":[{"count":16,"href":"https:\/\/zenex.fi\/tuki\/index.php\/wp-json\/wp\/v2\/pages\/1102\/revisions"}],"predecessor-version":[{"id":1601,"href":"https:\/\/zenex.fi\/tuki\/index.php\/wp-json\/wp\/v2\/pages\/1102\/revisions\/1601"}],"wp:attachment":[{"href":"https:\/\/zenex.fi\/tuki\/index.php\/wp-json\/wp\/v2\/media?parent=1102"}],"curies":[{"name":"wp","href":"https:\/\/api.w.org\/{rel}","templated":true}]}}