{"id":2435,"date":"2024-06-26T16:32:37","date_gmt":"2024-06-26T14:32:37","guid":{"rendered":"https:\/\/zenex.fi\/tuki\/?page_id=2435"},"modified":"2025-01-23T12:20:14","modified_gmt":"2025-01-23T10:20:14","slug":"mastercam-asennustiedoston-latauspyynto","status":"publish","type":"page","link":"https:\/\/zenex.fi\/tuki\/index.php\/mastercam-asennustiedoston-latauspyynto\/","title":{"rendered":"Mastercam asennustiedoston latauspyynt\u00f6"},"content":{"rendered":"\t\t<div data-elementor-type=\"wp-page\" data-elementor-id=\"2435\" class=\"elementor elementor-2435\">\n\t\t\t\t\t\t<section class=\"elementor-section elementor-top-section elementor-element elementor-element-59e9a2f4 elementor-section-boxed elementor-section-height-default elementor-section-height-default\" data-id=\"59e9a2f4\" data-element_type=\"section\">\n\t\t\t\t\t\t<div class=\"elementor-container elementor-column-gap-default\">\n\t\t\t\t\t<div class=\"elementor-column elementor-col-100 elementor-top-column elementor-element elementor-element-5c52ad82\" data-id=\"5c52ad82\" data-element_type=\"column\">\n\t\t\t<div class=\"elementor-widget-wrap elementor-element-populated\">\n\t\t\t\t\t\t<div class=\"elementor-element elementor-element-49bf1e22 elementor-widget elementor-widget-text-editor\" data-id=\"49bf1e22\" data-element_type=\"widget\" data-widget_type=\"text-editor.default\">\n\t\t\t\t<div class=\"elementor-widget-container\">\n\t\t\t\t\t\t\t<!-- wp:paragraph -->\n<p>Pyyd\u00e4 asennustiedostolle latauslinkki t\u00e4ytt\u00e4m\u00e4ll\u00e4 alla olevan lomakkeen. Me toimitamme teille linkin niin pian kuin mahdollista. <\/p>\n<!-- \/wp:paragraph -->\n\n<!-- wp:paragraph -->\n<p>Voitte my\u00f6s pyyt\u00e4\u00e4 latauslinkki\u00e4 teid\u00e4n Mastercam j\u00e4lleenmyyj\u00e4lt\u00e4.<\/p>\n<!-- \/wp:paragraph -->\n\n<!-- wp:wpforms\/form-selector {\"clientId\":\"18cbcd0a-5c0c-4c60-838f-15c3ee66d302\",\"formId\":\"2432\",\"copyPasteJsonValue\":\"{\\u0022displayTitle\\u0022:false,\\u0022displayDesc\\u0022:false,\\u0022theme\\u0022:\\u0022default\\u0022,\\u0022themeName\\u0022:\\u0022\\u0022,\\u0022fieldSize\\u0022:\\u0022medium\\u0022,\\u0022backgroundImage\\u0022:\\u0022none\\u0022,\\u0022backgroundPosition\\u0022:\\u0022center center\\u0022,\\u0022backgroundRepeat\\u0022:\\u0022no-repeat\\u0022,\\u0022backgroundSizeMode\\u0022:\\u0022cover\\u0022,\\u0022backgroundSize\\u0022:\\u0022cover\\u0022,\\u0022backgroundWidth\\u0022:\\u0022100px\\u0022,\\u0022backgroundHeight\\u0022:\\u0022100px\\u0022,\\u0022backgroundUrl\\u0022:\\u0022url()\\u0022,\\u0022backgroundColor\\u0022:\\u0022rgba( 0, 0, 0, 0 )\\u0022,\\u0022fieldBorderRadius\\u0022:\\u00223px\\u0022,\\u0022fieldBorderStyle\\u0022:\\u0022solid\\u0022,\\u0022fieldBorderSize\\u0022:\\u00221px\\u0022,\\u0022fieldBackgroundColor\\u0022:\\u0022#ffffff\\u0022,\\u0022fieldBorderColor\\u0022:\\u0022rgba( 0, 0, 0, 0.25 )\\u0022,\\u0022fieldTextColor\\u0022:\\u0022rgba( 0, 0, 0, 0.7 )\\u0022,\\u0022fieldMenuColor\\u0022:\\u0022#ffffff\\u0022,\\u0022labelSize\\u0022:\\u0022medium\\u0022,\\u0022labelColor\\u0022:\\u0022rgba( 0, 0, 0, 0.85 )\\u0022,\\u0022labelSublabelColor\\u0022:\\u0022rgba( 0, 0, 0, 0.55 )\\u0022,\\u0022labelErrorColor\\u0022:\\u0022#d63637\\u0022,\\u0022buttonSize\\u0022:\\u0022medium\\u0022,\\u0022buttonBorderStyle\\u0022:\\u0022none\\u0022,\\u0022buttonBorderSize\\u0022:\\u00221px\\u0022,\\u0022buttonBorderRadius\\u0022:\\u00223px\\u0022,\\u0022buttonBackgroundColor\\u0022:\\u0022#066aab\\u0022,\\u0022buttonTextColor\\u0022:\\u0022#ffffff\\u0022,\\u0022buttonBorderColor\\u0022:\\u0022#066aab\\u0022,\\u0022pageBreakColor\\u0022:\\u0022#066aab\\u0022,\\u0022containerPadding\\u0022:\\u00220px\\u0022,\\u0022containerBorderStyle\\u0022:\\u0022none\\u0022,\\u0022containerBorderWidth\\u0022:\\u00221px\\u0022,\\u0022containerBorderColor\\u0022:\\u0022#000000\\u0022,\\u0022containerBorderRadius\\u0022:\\u00223px\\u0022,\\u0022containerShadowSize\\u0022:\\u0022none\\u0022,\\u0022customCss\\u0022:\\u0022\\u0022}\"} \/-->\t\t\t\t\t\t<\/div>\n\t\t\t\t<\/div>\n\t\t\t\t\t<\/div>\n\t\t<\/div>\n\t\t\t\t\t<\/div>\n\t\t<\/section>\n\t\t\t\t<section class=\"elementor-section elementor-top-section elementor-element elementor-element-ce12c12 elementor-section-boxed elementor-section-height-default elementor-section-height-default\" data-id=\"ce12c12\" data-element_type=\"section\">\n\t\t\t\t\t\t<div class=\"elementor-container elementor-column-gap-default\">\n\t\t\t\t\t<div class=\"elementor-column elementor-col-100 elementor-top-column elementor-element elementor-element-e9b697f\" data-id=\"e9b697f\" data-element_type=\"column\">\n\t\t\t<div class=\"elementor-widget-wrap elementor-element-populated\">\n\t\t\t\t\t\t<div class=\"elementor-element elementor-element-2befeea elementor-widget elementor-widget-wpforms\" data-id=\"2befeea\" data-element_type=\"widget\" data-widget_type=\"wpforms.default\">\n\t\t\t\t<div class=\"elementor-widget-container\">\n\t\t\t<div class=\"wpforms-container wpforms-container-full wpforms-block wpforms-block-18cbcd0a-5c0c-4c60-838f-15c3ee66d302\" id=\"wpforms-2432\"><form id=\"wpforms-form-2432\" class=\"wpforms-validate wpforms-form wpforms-ajax-form\" data-formid=\"2432\" method=\"post\" enctype=\"multipart\/form-data\" action=\"\/tuki\/index.php\/wp-json\/wp\/v2\/pages\/2435\" data-token=\"fb002b2ebaf1e33505338d5c2df17eda\" data-token-time=\"1776617912\"><noscript class=\"wpforms-error-noscript\">Please enable JavaScript in your browser to complete this form.<\/noscript><div class=\"wpforms-field-container\"><div id=\"wpforms-2432-field_0-container\" class=\"wpforms-field wpforms-field-name\" data-field-id=\"0\"><label class=\"wpforms-field-label\" for=\"wpforms-2432-field_0\">Yritys <span class=\"wpforms-required-label\">*<\/span><\/label><input type=\"text\" id=\"wpforms-2432-field_0\" class=\"wpforms-field-medium wpforms-field-required\" name=\"wpforms[fields][0]\" required><\/div><div id=\"wpforms-2432-field_1-container\" class=\"wpforms-field wpforms-field-email\" data-field-id=\"1\"><label class=\"wpforms-field-label\" for=\"wpforms-2432-field_1\">S\u00e4hk\u00f6posti <span class=\"wpforms-required-label\">*<\/span><\/label><input type=\"email\" id=\"wpforms-2432-field_1\" class=\"wpforms-field-medium wpforms-field-required\" name=\"wpforms[fields][1]\" spellcheck=\"false\" required><\/div><div id=\"wpforms-2432-field_2-container\" class=\"wpforms-field wpforms-field-textarea\" data-field-id=\"2\"><label class=\"wpforms-field-label\" for=\"wpforms-2432-field_2\">Tarvittava tiedosto <span class=\"wpforms-required-label\">*<\/span><\/label><textarea id=\"wpforms-2432-field_2\" class=\"wpforms-field-medium wpforms-field-required\" name=\"wpforms[fields][2]\" required><\/textarea><\/div><\/div><!-- .wpforms-field-container --><div class=\"wpforms-submit-container\" ><input type=\"hidden\" name=\"wpforms[id]\" value=\"2432\"><input type=\"hidden\" name=\"page_title\" value=\"\"><input type=\"hidden\" name=\"page_url\" value=\"https:\/\/zenex.fi\/tuki\/index.php\/wp-json\/wp\/v2\/pages\/2435\"><button type=\"submit\" name=\"wpforms[submit]\" id=\"wpforms-submit-2432\" class=\"wpforms-submit\" data-alt-text=\"Latauspyynt\u00f6 l\u00e4hetet\u00e4\u00e4n...\" data-submit-text=\"L\u00e4het\u00e4 latauspyynt\u00f6\" aria-live=\"assertive\" value=\"wpforms-submit\">L\u00e4het\u00e4 latauspyynt\u00f6<\/button><img decoding=\"async\" src=\"https:\/\/zenex.fi\/tuki\/wp-content\/plugins\/wpforms-lite\/assets\/images\/submit-spin.svg\" class=\"wpforms-submit-spinner\" style=\"display: none;\" width=\"26\" height=\"26\" alt=\"Loading\"><\/div><\/form><\/div>  <!-- .wpforms-container -->\t\t<\/div>\n\t\t\t\t<\/div>\n\t\t\t\t\t<\/div>\n\t\t<\/div>\n\t\t\t\t\t<\/div>\n\t\t<\/section>\n\t\t\t\t<\/div>\n\t\t","protected":false},"excerpt":{"rendered":"<p>Pyyd\u00e4 asennustiedostolle latauslinkki t\u00e4ytt\u00e4m\u00e4ll\u00e4 alla olevan lomakkeen. Me toimitamme teille linkin niin pian kuin mahdollista. Voitte my\u00f6s pyyt\u00e4\u00e4 latauslinkki\u00e4 teid\u00e4n Mastercam j\u00e4lleenmyyj\u00e4lt\u00e4. Please enable JavaScript in your browser to complete this form.Yritys *S\u00e4hk\u00f6posti *Tarvittava tiedosto * L\u00e4het\u00e4 latauspyynt\u00f6<\/p>\n","protected":false},"author":1,"featured_media":0,"parent":0,"menu_order":0,"comment_status":"closed","ping_status":"closed","template":"","meta":{"footnotes":""},"class_list":["post-2435","page","type-page","status-publish","hentry"],"_links":{"self":[{"href":"https:\/\/zenex.fi\/tuki\/index.php\/wp-json\/wp\/v2\/pages\/2435","targetHints":{"allow":["GET"]}}],"collection":[{"href":"https:\/\/zenex.fi\/tuki\/index.php\/wp-json\/wp\/v2\/pages"}],"about":[{"href":"https:\/\/zenex.fi\/tuki\/index.php\/wp-json\/wp\/v2\/types\/page"}],"author":[{"embeddable":true,"href":"https:\/\/zenex.fi\/tuki\/index.php\/wp-json\/wp\/v2\/users\/1"}],"replies":[{"embeddable":true,"href":"https:\/\/zenex.fi\/tuki\/index.php\/wp-json\/wp\/v2\/comments?post=2435"}],"version-history":[{"count":6,"href":"https:\/\/zenex.fi\/tuki\/index.php\/wp-json\/wp\/v2\/pages\/2435\/revisions"}],"predecessor-version":[{"id":2600,"href":"https:\/\/zenex.fi\/tuki\/index.php\/wp-json\/wp\/v2\/pages\/2435\/revisions\/2600"}],"wp:attachment":[{"href":"https:\/\/zenex.fi\/tuki\/index.php\/wp-json\/wp\/v2\/media?parent=2435"}],"curies":[{"name":"wp","href":"https:\/\/api.w.org\/{rel}","templated":true}]}}