{"id":794,"date":"2019-01-16T16:49:05","date_gmt":"2019-01-16T14:49:05","guid":{"rendered":"http:\/\/zenex.fi\/uusi_tuki\/?page_id=794"},"modified":"2025-12-03T20:35:04","modified_gmt":"2025-12-03T18:35:04","slug":"mastercam-tukisivu","status":"publish","type":"page","link":"https:\/\/zenex.fi\/tuki\/index.php\/mastercam-tukisivu\/","title":{"rendered":"Mastercam tukisivu"},"content":{"rendered":"\t\t<div data-elementor-type=\"wp-post\" data-elementor-id=\"794\" class=\"elementor elementor-794\">\n\t\t\t\t\t\t<section class=\"elementor-section elementor-top-section elementor-element elementor-element-5ba1399 elementor-section-boxed elementor-section-height-default elementor-section-height-default\" data-id=\"5ba1399\" data-element_type=\"section\" data-settings=\"{&quot;background_background&quot;:&quot;classic&quot;}\">\n\t\t\t\t\t\t<div class=\"elementor-container elementor-column-gap-default\">\n\t\t\t\t\t<div class=\"elementor-column elementor-col-100 elementor-top-column elementor-element elementor-element-3f84641\" data-id=\"3f84641\" data-element_type=\"column\">\n\t\t\t<div class=\"elementor-widget-wrap elementor-element-populated\">\n\t\t\t\t\t\t<div class=\"elementor-element elementor-element-2daa4e6 elementor-widget elementor-widget-image\" data-id=\"2daa4e6\" data-element_type=\"widget\" data-widget_type=\"image.default\">\n\t\t\t\t<div class=\"elementor-widget-container\">\n\t\t\t\t\t\t\t\t\t\t\t\t\t<img fetchpriority=\"high\" decoding=\"async\" width=\"300\" height=\"213\" src=\"https:\/\/zenex.fi\/tuki\/wp-content\/uploads\/2019\/02\/zenex_tekninen_musta-300x213.png\" class=\"attachment-medium size-medium wp-image-994\" alt=\"\" srcset=\"https:\/\/zenex.fi\/tuki\/wp-content\/uploads\/2019\/02\/zenex_tekninen_musta-300x213.png 300w, https:\/\/zenex.fi\/tuki\/wp-content\/uploads\/2019\/02\/zenex_tekninen_musta-768x545.png 768w, https:\/\/zenex.fi\/tuki\/wp-content\/uploads\/2019\/02\/zenex_tekninen_musta-1024x726.png 1024w, https:\/\/zenex.fi\/tuki\/wp-content\/uploads\/2019\/02\/zenex_tekninen_musta.png 1200w\" sizes=\"(max-width: 300px) 100vw, 300px\" \/>\t\t\t\t\t\t\t\t\t\t\t\t\t<\/div>\n\t\t\t\t<\/div>\n\t\t\t\t\t<\/div>\n\t\t<\/div>\n\t\t\t\t\t<\/div>\n\t\t<\/section>\n\t\t\t\t<section class=\"elementor-section elementor-top-section elementor-element elementor-element-92831c8 elementor-section-boxed elementor-section-height-default elementor-section-height-default\" data-id=\"92831c8\" data-element_type=\"section\">\n\t\t\t\t\t\t<div class=\"elementor-container elementor-column-gap-default\">\n\t\t\t\t\t<div class=\"elementor-column elementor-col-100 elementor-top-column elementor-element elementor-element-eec56d9\" data-id=\"eec56d9\" data-element_type=\"column\">\n\t\t\t<div class=\"elementor-widget-wrap elementor-element-populated\">\n\t\t\t\t\t\t<div class=\"elementor-element elementor-element-341d27f elementor-widget-divider--view-line elementor-widget elementor-widget-divider\" data-id=\"341d27f\" data-element_type=\"widget\" data-widget_type=\"divider.default\">\n\t\t\t\t<div class=\"elementor-widget-container\">\n\t\t\t\t\t<div class=\"elementor-divider\">\n\t\t\t<span class=\"elementor-divider-separator\">\n\t\t\t\t\t\t<\/span>\n\t\t<\/div>\n\t\t\t\t<\/div>\n\t\t\t\t<\/div>\n\t\t\t\t<div class=\"elementor-element elementor-element-1a1e5f1 elementor-widget elementor-widget-image\" data-id=\"1a1e5f1\" data-element_type=\"widget\" data-widget_type=\"image.default\">\n\t\t\t\t<div class=\"elementor-widget-container\">\n\t\t\t\t\t\t\t\t\t\t\t\t\t<img decoding=\"async\" width=\"750\" height=\"92\" src=\"https:\/\/zenex.fi\/tuki\/wp-content\/uploads\/2025\/12\/Mastercam-NEW-Red-Black-768x94.png\" class=\"attachment-medium_large size-medium_large wp-image-2759\" alt=\"\" srcset=\"https:\/\/zenex.fi\/tuki\/wp-content\/uploads\/2025\/12\/Mastercam-NEW-Red-Black-768x94.png 768w, https:\/\/zenex.fi\/tuki\/wp-content\/uploads\/2025\/12\/Mastercam-NEW-Red-Black-300x37.png 300w, https:\/\/zenex.fi\/tuki\/wp-content\/uploads\/2025\/12\/Mastercam-NEW-Red-Black-1024x125.png 1024w, https:\/\/zenex.fi\/tuki\/wp-content\/uploads\/2025\/12\/Mastercam-NEW-Red-Black-150x18.png 150w, https:\/\/zenex.fi\/tuki\/wp-content\/uploads\/2025\/12\/Mastercam-NEW-Red-Black-1536x188.png 1536w, https:\/\/zenex.fi\/tuki\/wp-content\/uploads\/2025\/12\/Mastercam-NEW-Red-Black-2048x251.png 2048w\" sizes=\"(max-width: 750px) 100vw, 750px\" \/>\t\t\t\t\t\t\t\t\t\t\t\t\t<\/div>\n\t\t\t\t<\/div>\n\t\t\t\t<div class=\"elementor-element elementor-element-94cdde6 elementor-widget elementor-widget-text-editor\" data-id=\"94cdde6\" data-element_type=\"widget\" data-widget_type=\"text-editor.default\">\n\t\t\t\t<div class=\"elementor-widget-container\">\n\t\t\t\t\t\t\t<h1>Mit\u00e4 olet etsim\u00e4ss\u00e4?<\/h1>\t\t\t\t\t\t<\/div>\n\t\t\t\t<\/div>\n\t\t\t\t<div class=\"elementor-element elementor-element-1886002 elementor-widget elementor-widget-text-editor\" data-id=\"1886002\" data-element_type=\"widget\" data-widget_type=\"text-editor.default\">\n\t\t\t\t<div class=\"elementor-widget-container\">\n\t\t\t\t\t\t\t<p>T\u00e4\u00e4lt\u00e4 sivulta l\u00f6yd\u00e4t kaikki Mastercam ohjelmistoon liittyv\u00e4t aiheet ja ohjeet.<\/p>\t\t\t\t\t\t<\/div>\n\t\t\t\t<\/div>\n\t\t\t\t\t<\/div>\n\t\t<\/div>\n\t\t\t\t\t<\/div>\n\t\t<\/section>\n\t\t\t\t<section class=\"elementor-section elementor-top-section elementor-element elementor-element-daba76a elementor-section-boxed elementor-section-height-default elementor-section-height-default\" data-id=\"daba76a\" data-element_type=\"section\">\n\t\t\t\t\t\t<div class=\"elementor-container elementor-column-gap-default\">\n\t\t\t\t\t<div class=\"elementor-column elementor-col-33 elementor-top-column elementor-element elementor-element-1f3e859\" data-id=\"1f3e859\" data-element_type=\"column\">\n\t\t\t<div class=\"elementor-widget-wrap elementor-element-populated\">\n\t\t\t\t\t\t<div class=\"elementor-element elementor-element-7b278be elementor-view-default elementor-position-top elementor-mobile-position-top elementor-widget elementor-widget-icon-box\" data-id=\"7b278be\" data-element_type=\"widget\" data-widget_type=\"icon-box.default\">\n\t\t\t\t<div class=\"elementor-widget-container\">\n\t\t\t\t\t<div class=\"elementor-icon-box-wrapper\">\n\n\t\t\t\t\t\t<div class=\"elementor-icon-box-icon\">\n\t\t\t\t<a href=\"https:\/\/zenex.fi\/tuki\/index.php\/mastercamasennustiedostot\/\" class=\"elementor-icon elementor-animation-bounce-in\" tabindex=\"-1\">\n\t\t\t\t<i class=\"fa fa-download\" aria-hidden=\"true\"><\/i>\t\t\t\t<\/a>\n\t\t\t<\/div>\n\t\t\t\n\t\t\t\t\t\t<div class=\"elementor-icon-box-content\">\n\n\t\t\t\t\t\t\t\t\t<h3 class=\"elementor-icon-box-title\">\n\t\t\t\t\t\t<a href=\"https:\/\/zenex.fi\/tuki\/index.php\/mastercamasennustiedostot\/\" >\n\t\t\t\t\t\t\tAsennustiedostoja\t\t\t\t\t\t<\/a>\n\t\t\t\t\t<\/h3>\n\t\t\t\t\n\t\t\t\t\t\t\t\t\t<p class=\"elementor-icon-box-description\">\n\t\t\t\t\t\tT\u00e4\u00e4lt\u00e4 saa ladattua asennustiedostoja hankimallesi tuotteille sek\u00e4 lis\u00e4osia, p\u00e4ivityksi\u00e4 ja suomenkielisi\u00e4 valikoita.\t\t\t\t\t<\/p>\n\t\t\t\t\n\t\t\t<\/div>\n\t\t\t\n\t\t<\/div>\n\t\t\t\t<\/div>\n\t\t\t\t<\/div>\n\t\t\t\t\t<\/div>\n\t\t<\/div>\n\t\t\t\t<div class=\"elementor-column elementor-col-33 elementor-top-column elementor-element elementor-element-ef825d2\" data-id=\"ef825d2\" data-element_type=\"column\">\n\t\t\t<div class=\"elementor-widget-wrap elementor-element-populated\">\n\t\t\t\t\t\t<div class=\"elementor-element elementor-element-27fe97e elementor-view-default elementor-position-top elementor-mobile-position-top elementor-widget elementor-widget-icon-box\" data-id=\"27fe97e\" data-element_type=\"widget\" data-widget_type=\"icon-box.default\">\n\t\t\t\t<div class=\"elementor-widget-container\">\n\t\t\t\t\t<div class=\"elementor-icon-box-wrapper\">\n\n\t\t\t\t\t\t<div class=\"elementor-icon-box-icon\">\n\t\t\t\t<a href=\"https:\/\/zenex.fi\/tuki\/index.php\/mastercam-ohjeita\/\" class=\"elementor-icon elementor-animation-bounce-in\" tabindex=\"-1\">\n\t\t\t\t<i class=\"fa fa-wrench\" aria-hidden=\"true\"><\/i>\t\t\t\t<\/a>\n\t\t\t<\/div>\n\t\t\t\n\t\t\t\t\t\t<div class=\"elementor-icon-box-content\">\n\n\t\t\t\t\t\t\t\t\t<h3 class=\"elementor-icon-box-title\">\n\t\t\t\t\t\t<a href=\"https:\/\/zenex.fi\/tuki\/index.php\/mastercam-ohjeita\/\" >\n\t\t\t\t\t\t\tOhjeita\t\t\t\t\t\t<\/a>\n\t\t\t\t\t<\/h3>\n\t\t\t\t\n\t\t\t\t\t\t\t\t\t<p class=\"elementor-icon-box-description\">\n\t\t\t\t\t\tT\u00e4\u00e4lt\u00e4 l\u00f6yd\u00e4t ohjeita ja artikkeleita liittyen tuotteiden asennukseen sek\u00e4 neuvoja erilaisiin ongelmiin.\t\t\t\t\t<\/p>\n\t\t\t\t\n\t\t\t<\/div>\n\t\t\t\n\t\t<\/div>\n\t\t\t\t<\/div>\n\t\t\t\t<\/div>\n\t\t\t\t\t<\/div>\n\t\t<\/div>\n\t\t\t\t<div class=\"elementor-column elementor-col-33 elementor-top-column elementor-element elementor-element-6349472\" data-id=\"6349472\" data-element_type=\"column\">\n\t\t\t<div class=\"elementor-widget-wrap elementor-element-populated\">\n\t\t\t\t\t\t<div class=\"elementor-element elementor-element-cdf41bf elementor-view-default elementor-position-top elementor-mobile-position-top elementor-widget elementor-widget-icon-box\" data-id=\"cdf41bf\" data-element_type=\"widget\" data-widget_type=\"icon-box.default\">\n\t\t\t\t<div class=\"elementor-widget-container\">\n\t\t\t\t\t<div class=\"elementor-icon-box-wrapper\">\n\n\t\t\t\t\t\t<div class=\"elementor-icon-box-icon\">\n\t\t\t\t<a href=\"https:\/\/zenex.fi\/tuki\/lisenssiapu\" target=\"_blank\" class=\"elementor-icon elementor-animation-bounce-in\" tabindex=\"-1\">\n\t\t\t\t<i class=\"fa fa-file-text\" aria-hidden=\"true\"><\/i>\t\t\t\t<\/a>\n\t\t\t<\/div>\n\t\t\t\n\t\t\t\t\t\t<div class=\"elementor-icon-box-content\">\n\n\t\t\t\t\t\t\t\t\t<h3 class=\"elementor-icon-box-title\">\n\t\t\t\t\t\t<a href=\"https:\/\/zenex.fi\/tuki\/lisenssiapu\" target=\"_blank\" >\n\t\t\t\t\t\t\tLisenssiapua\t\t\t\t\t\t<\/a>\n\t\t\t\t\t<\/h3>\n\t\t\t\t\n\t\t\t\t\t\t\t\t\t<p class=\"elementor-icon-box-description\">\n\t\t\t\t\t\tT\u00e4st\u00e4 l\u00f6yd\u00e4t ohjeita, miten saat lisenssit hankittua ja miten lisenssitiedostoja asennetaan. \t\t\t\t\t<\/p>\n\t\t\t\t\n\t\t\t<\/div>\n\t\t\t\n\t\t<\/div>\n\t\t\t\t<\/div>\n\t\t\t\t<\/div>\n\t\t\t\t\t<\/div>\n\t\t<\/div>\n\t\t\t\t\t<\/div>\n\t\t<\/section>\n\t\t\t\t<section class=\"elementor-section elementor-top-section elementor-element elementor-element-f1e8e06 elementor-section-boxed elementor-section-height-default elementor-section-height-default\" data-id=\"f1e8e06\" data-element_type=\"section\">\n\t\t\t\t\t\t<div class=\"elementor-container elementor-column-gap-default\">\n\t\t\t\t\t<div class=\"elementor-column elementor-col-100 elementor-top-column elementor-element elementor-element-72fa0b5\" data-id=\"72fa0b5\" data-element_type=\"column\">\n\t\t\t<div class=\"elementor-widget-wrap elementor-element-populated\">\n\t\t\t\t\t\t<div class=\"elementor-element elementor-element-f3685f2 elementor-widget-divider--view-line elementor-widget elementor-widget-divider\" data-id=\"f3685f2\" data-element_type=\"widget\" data-widget_type=\"divider.default\">\n\t\t\t\t<div class=\"elementor-widget-container\">\n\t\t\t\t\t<div class=\"elementor-divider\">\n\t\t\t<span class=\"elementor-divider-separator\">\n\t\t\t\t\t\t<\/span>\n\t\t<\/div>\n\t\t\t\t<\/div>\n\t\t\t\t<\/div>\n\t\t\t\t\t<\/div>\n\t\t<\/div>\n\t\t\t\t\t<\/div>\n\t\t<\/section>\n\t\t\t\t<section class=\"elementor-section elementor-top-section elementor-element elementor-element-32eddd7 elementor-section-boxed elementor-section-height-default elementor-section-height-default\" data-id=\"32eddd7\" data-element_type=\"section\">\n\t\t\t\t\t\t<div class=\"elementor-container elementor-column-gap-default\">\n\t\t\t\t\t<div class=\"elementor-column elementor-col-100 elementor-top-column elementor-element elementor-element-2c5ef7d\" data-id=\"2c5ef7d\" data-element_type=\"column\">\n\t\t\t<div class=\"elementor-widget-wrap elementor-element-populated\">\n\t\t\t\t\t\t<div class=\"elementor-element elementor-element-37282c5 elementor-position-left elementor-view-default elementor-mobile-position-top elementor-vertical-align-top elementor-widget elementor-widget-icon-box\" data-id=\"37282c5\" data-element_type=\"widget\" data-widget_type=\"icon-box.default\">\n\t\t\t\t<div class=\"elementor-widget-container\">\n\t\t\t\t\t<div class=\"elementor-icon-box-wrapper\">\n\n\t\t\t\t\t\t<div class=\"elementor-icon-box-icon\">\n\t\t\t\t<span  class=\"elementor-icon elementor-animation-\">\n\t\t\t\t<i class=\"fa fa-commenting-o\" aria-hidden=\"true\"><\/i>\t\t\t\t<\/span>\n\t\t\t<\/div>\n\t\t\t\n\t\t\t\t\t\t<div class=\"elementor-icon-box-content\">\n\n\t\t\t\t\t\t\t\t\t<h3 class=\"elementor-icon-box-title\">\n\t\t\t\t\t\t<span  >\n\t\t\t\t\t\t\tKysy asiantuntijalta!\t\t\t\t\t\t<\/span>\n\t\t\t\t\t<\/h3>\n\t\t\t\t\n\t\t\t\t\t\t\t\t\t<p class=\"elementor-icon-box-description\">\n\t\t\t\t\t\tJos olet ep\u00e4varma jostain ja kaipaat neuvoja ota huoletta yhteytt\u00e4 meid\u00e4n tekniseen tukeen.\t\t\t\t\t<\/p>\n\t\t\t\t\n\t\t\t<\/div>\n\t\t\t\n\t\t<\/div>\n\t\t\t\t<\/div>\n\t\t\t\t<\/div>\n\t\t\t\t<div class=\"elementor-element elementor-element-650b05f elementor-align-center elementor-widget elementor-widget-button\" data-id=\"650b05f\" data-element_type=\"widget\" data-widget_type=\"button.default\">\n\t\t\t\t<div class=\"elementor-widget-container\">\n\t\t\t\t\t<div class=\"elementor-button-wrapper\">\n\t\t\t<a class=\"elementor-button elementor-button-link elementor-size-lg\" href=\"https:\/\/static.zdassets.com\/web_widget\/latest\/liveChat.html?v=10#key=zenexhelp.zendesk.com\" target=\"_blank\">\n\t\t\t\t\t\t<span class=\"elementor-button-content-wrapper\">\n\t\t\t\t\t\t\t\t\t<span class=\"elementor-button-text\">Avaa keskustelu asiantuntijan kanssa<\/span>\n\t\t\t\t\t<\/span>\n\t\t\t\t\t<\/a>\n\t\t<\/div>\n\t\t\t\t<\/div>\n\t\t\t\t<\/div>\n\t\t\t\t\t<\/div>\n\t\t<\/div>\n\t\t\t\t\t<\/div>\n\t\t<\/section>\n\t\t\t\t<section class=\"elementor-section elementor-top-section elementor-element elementor-element-3bd7355 elementor-section-boxed elementor-section-height-default elementor-section-height-default\" data-id=\"3bd7355\" data-element_type=\"section\">\n\t\t\t\t\t\t<div class=\"elementor-container elementor-column-gap-default\">\n\t\t\t\t\t<div class=\"elementor-column elementor-col-100 elementor-top-column elementor-element elementor-element-76d3bc0\" data-id=\"76d3bc0\" data-element_type=\"column\">\n\t\t\t<div class=\"elementor-widget-wrap elementor-element-populated\">\n\t\t\t\t\t\t<div class=\"elementor-element elementor-element-195e73f elementor-widget-divider--view-line elementor-widget elementor-widget-divider\" data-id=\"195e73f\" data-element_type=\"widget\" data-widget_type=\"divider.default\">\n\t\t\t\t<div class=\"elementor-widget-container\">\n\t\t\t\t\t<div class=\"elementor-divider\">\n\t\t\t<span class=\"elementor-divider-separator\">\n\t\t\t\t\t\t<\/span>\n\t\t<\/div>\n\t\t\t\t<\/div>\n\t\t\t\t<\/div>\n\t\t\t\t<div class=\"elementor-element elementor-element-4a055c0 elementor-widget elementor-widget-spacer\" data-id=\"4a055c0\" data-element_type=\"widget\" data-widget_type=\"spacer.default\">\n\t\t\t\t<div class=\"elementor-widget-container\">\n\t\t\t\t\t<div class=\"elementor-spacer\">\n\t\t\t<div class=\"elementor-spacer-inner\"><\/div>\n\t\t<\/div>\n\t\t\t\t<\/div>\n\t\t\t\t<\/div>\n\t\t\t\t\t<\/div>\n\t\t<\/div>\n\t\t\t\t\t<\/div>\n\t\t<\/section>\n\t\t\t\t<\/div>\n\t\t","protected":false},"excerpt":{"rendered":"<p>Mit\u00e4 olet etsim\u00e4ss\u00e4? T\u00e4\u00e4lt\u00e4 sivulta l\u00f6yd\u00e4t kaikki Mastercam ohjelmistoon liittyv\u00e4t aiheet ja ohjeet. Asennustiedostoja T\u00e4\u00e4lt\u00e4 saa ladattua asennustiedostoja hankimallesi tuotteille sek\u00e4 lis\u00e4osia, p\u00e4ivityksi\u00e4 ja suomenkielisi\u00e4 valikoita. Ohjeita T\u00e4\u00e4lt\u00e4 l\u00f6yd\u00e4t ohjeita ja artikkeleita liittyen tuotteiden asennukseen sek\u00e4 neuvoja erilaisiin ongelmiin. Lisenssiapua T\u00e4st\u00e4 l\u00f6yd\u00e4t ohjeita, miten saat lisenssit hankittua ja miten lisenssitiedostoja [&hellip;]<\/p>\n","protected":false},"author":1,"featured_media":0,"parent":0,"menu_order":0,"comment_status":"closed","ping_status":"closed","template":"page-templates\/template-pagebuilder-full-width.php","meta":{"footnotes":""},"class_list":["post-794","page","type-page","status-publish","hentry"],"_links":{"self":[{"href":"https:\/\/zenex.fi\/tuki\/index.php\/wp-json\/wp\/v2\/pages\/794","targetHints":{"allow":["GET"]}}],"collection":[{"href":"https:\/\/zenex.fi\/tuki\/index.php\/wp-json\/wp\/v2\/pages"}],"about":[{"href":"https:\/\/zenex.fi\/tuki\/index.php\/wp-json\/wp\/v2\/types\/page"}],"author":[{"embeddable":true,"href":"https:\/\/zenex.fi\/tuki\/index.php\/wp-json\/wp\/v2\/users\/1"}],"replies":[{"embeddable":true,"href":"https:\/\/zenex.fi\/tuki\/index.php\/wp-json\/wp\/v2\/comments?post=794"}],"version-history":[{"count":71,"href":"https:\/\/zenex.fi\/tuki\/index.php\/wp-json\/wp\/v2\/pages\/794\/revisions"}],"predecessor-version":[{"id":2765,"href":"https:\/\/zenex.fi\/tuki\/index.php\/wp-json\/wp\/v2\/pages\/794\/revisions\/2765"}],"wp:attachment":[{"href":"https:\/\/zenex.fi\/tuki\/index.php\/wp-json\/wp\/v2\/media?parent=794"}],"curies":[{"name":"wp","href":"https:\/\/api.w.org\/{rel}","templated":true}]}}